{"id":4468,"date":"2023-10-16T03:00:57","date_gmt":"2023-10-16T01:00:57","guid":{"rendered":"https:\/\/tambubonsai.ch\/?post_type=product&#038;p=4468"},"modified":"2024-02-03T15:00:46","modified_gmt":"2024-02-03T14:00:46","slug":"attrezzo-per-bonsai-e-suiseki-punte-3-4mm-160mm-ryuga-jn-02","status":"publish","type":"product","link":"https:\/\/tambubonsai.ch\/de\/store\/attrezzi-fili-mastice\/accessori-speciali\/attrezzo-per-bonsai-e-suiseki-punte-3-4mm-160mm-ryuga-jn-02\/","title":{"rendered":"Werkzeug f\u00fcr Bonsai e Suiseki, Spitzen 3\/4mm, 160mm, Ryuga (JN-02)"},"content":{"rendered":"<p class=\"wp-block-paragraph\">Es wird f\u00fcr die Feinarbeiten des Shari l\u00e4ngs des Baumstammes benutzt.<\/p>\r\n<p>Die feine Spitze erlaubt die Einkerbung eines Shari auch bei den kleinsten Bonsai.<\/p>\r\n<p>Es kann auch sehr gut bei Suiseki eingesetzt werden.<\/p>\r\n<p><em>Ryuga steht f\u00fcr hochwertige Bonsaiwerkzeuge welche sowohl in rostfreiem Edelstahl als auch in Carbonstahl angeboten werden. Diese Qualit\u00e4tswerkzeuge werden nach japanischen Qualit\u00e4ts- und Produktions-Standards in China gefertigt und gen\u00fcgen auch hohen Anspr\u00fcchen. Ryuga steht f\u00fcr erstklassige Qualit\u00e4t zu einem erheblich g\u00fcnstigeren Preis.<\/em><\/p>","protected":false},"excerpt":{"rendered":"<p>es wird f\u00fcr die Feinarbeiten des Shari l\u00e4ngs des Baumstammes benutzt<\/p>","protected":false},"featured_media":6179,"template":"","meta":{"_crdt_document":"","site-sidebar-layout":"default","site-content-layout":"","ast-site-content-layout":"default","site-content-style":"default","site-sidebar-style":"default","ast-global-header-display":"","ast-banner-title-visibility":"","ast-main-header-display":"","ast-hfb-above-header-display":"","ast-hfb-below-header-display":"","ast-hfb-mobile-header-display":"","site-post-title":"","ast-breadcrumbs-content":"","ast-featured-img":"","footer-sml-layout":"","ast-disable-related-posts":"","theme-transparent-header-meta":"default","adv-header-id-meta":"","stick-header-meta":"","header-above-stick-meta":"","header-main-stick-meta":"","header-below-stick-meta":"","astra-migrate-meta-layouts":"set","ast-page-background-enabled":"default","ast-page-background-meta":{"desktop":{"background-color":"","background-image":"","background-repeat":"repeat","background-position":"center center","background-size":"auto","background-attachment":"scroll","background-type":"","background-media":"","overlay-type":"","overlay-color":"","overlay-opacity":"","overlay-gradient":""},"tablet":{"background-color":"","background-image":"","background-repeat":"repeat","background-position":"center center","background-size":"auto","background-attachment":"scroll","background-type":"","background-media":"","overlay-type":"","overlay-color":"","overlay-opacity":"","overlay-gradient":""},"mobile":{"background-color":"","background-image":"","background-repeat":"repeat","background-position":"center center","background-size":"auto","background-attachment":"scroll","background-type":"","background-media":"","overlay-type":"","overlay-color":"","overlay-opacity":"","overlay-gradient":""}},"ast-content-background-meta":{"desktop":{"background-color":"var(--ast-global-color-5)","background-image":"","background-repeat":"repeat","background-position":"center center","background-size":"auto","background-attachment":"scroll","background-type":"","background-media":"","overlay-type":"","overlay-color":"","overlay-opacity":"","overlay-gradient":""},"tablet":{"background-color":"var(--ast-global-color-5)","background-image":"","background-repeat":"repeat","background-position":"center center","background-size":"auto","background-attachment":"scroll","background-type":"","background-media":"","overlay-type":"","overlay-color":"","overlay-opacity":"","overlay-gradient":""},"mobile":{"background-color":"var(--ast-global-color-5)","background-image":"","background-repeat":"repeat","background-position":"center center","background-size":"auto","background-attachment":"scroll","background-type":"","background-media":"","overlay-type":"","overlay-color":"","overlay-opacity":"","overlay-gradient":""}},"advanced_seo_description":"","jetpack_seo_html_title":"","jetpack_seo_noindex":false,"jetpack_publicize_message":"","jetpack_publicize_feature_enabled":true,"jetpack_social_post_already_shared":true,"jetpack_social_options":{"image_generator_settings":{"template":"highway","default_image_id":0,"font":"","enabled":false},"version":2},"_wpas_customize_per_network":false},"product_brand":[],"product_cat":[1375,1468],"product_tag":[],"class_list":{"0":"post-4468","1":"product","2":"type-product","3":"status-publish","4":"has-post-thumbnail","6":"product_cat-accessori-speciali","7":"product_cat-legna-secca","8":"desktop-align-left","9":"tablet-align-left","10":"mobile-align-left","12":"first","13":"instock","14":"shipping-taxable","15":"purchasable","16":"product-type-simple"},"exclude_global_add_ons":[],"addons":[],"jetpack_publicize_connections":[],"jetpack_sharing_enabled":true,"jetpack_likes_enabled":true,"_links":{"self":[{"href":"https:\/\/tambubonsai.ch\/de\/wp-json\/wp\/v2\/product\/4468","targetHints":{"allow":["GET"]}}],"collection":[{"href":"https:\/\/tambubonsai.ch\/de\/wp-json\/wp\/v2\/product"}],"about":[{"href":"https:\/\/tambubonsai.ch\/de\/wp-json\/wp\/v2\/types\/product"}],"version-history":[{"count":3,"href":"https:\/\/tambubonsai.ch\/de\/wp-json\/wp\/v2\/product\/4468\/revisions"}],"predecessor-version":[{"id":5859,"href":"https:\/\/tambubonsai.ch\/de\/wp-json\/wp\/v2\/product\/4468\/revisions\/5859"}],"wp:featuredmedia":[{"embeddable":true,"href":"https:\/\/tambubonsai.ch\/de\/wp-json\/wp\/v2\/media\/6179"}],"wp:attachment":[{"href":"https:\/\/tambubonsai.ch\/de\/wp-json\/wp\/v2\/media?parent=4468"}],"wp:term":[{"taxonomy":"product_brand","embeddable":true,"href":"https:\/\/tambubonsai.ch\/de\/wp-json\/wp\/v2\/product_brand?post=4468"},{"taxonomy":"product_cat","embeddable":true,"href":"https:\/\/tambubonsai.ch\/de\/wp-json\/wp\/v2\/product_cat?post=4468"},{"taxonomy":"product_tag","embeddable":true,"href":"https:\/\/tambubonsai.ch\/de\/wp-json\/wp\/v2\/product_tag?post=4468"}],"curies":[{"name":"wp","href":"https:\/\/api.w.org\/{rel}","templated":true}]}}