{"id":4642,"date":"2023-10-30T11:05:50","date_gmt":"2023-10-30T10:05:50","guid":{"rendered":"https:\/\/tambubonsai.ch\/?post_type=product&#038;p=4642"},"modified":"2024-03-04T15:16:57","modified_gmt":"2024-03-04T14:16:57","slug":"pinza-tira-filo-e-legna-secca-208mm-ryuga-rc-05","status":"publish","type":"product","link":"https:\/\/tambubonsai.ch\/de\/store\/attrezzi-fili-mastice\/attrezzi-per-filo\/pinza-tira-filo-e-legna-secca-208mm-ryuga-rc-05\/","title":{"rendered":"Jinzange f\u00fcr Drahtarbeiten und trockenes Holz, 208mm, Ryuga (RC-05)"},"content":{"rendered":"<h4 class=\"wp-block-heading\">Material: Carbonstahl<\/h4>\r\n\r\n\r\n\r\n<p class=\"wp-block-paragraph\">Diese Zange wird f\u00fcr die Kreation von Jin benutzt.<\/p>\r\n\r\n\r\n\r\n<p class=\"wp-block-paragraph\">Die Zange ist ausserdem sehr n\u00fctzlich f\u00fcr die Drahtfixierung w\u00e4hrend der Formgebung des Astes und f\u00fcr die Befestigung des Bonsai an die Schale.<\/p>\r\n\r\n\r\n\r\n<p class=\"wp-block-paragraph\"><em>Ryuga steht f\u00fcr hochwertige Bonsaiwerkzeuge welche sowohl in rostfreiem Edelstahl als auch in Carbonstahl angeboten werden. Diese Qualit\u00e4tswerkzeuge werden nach japanischen Qualit\u00e4ts- und Produktions-Standards in China gefertigt und gen\u00fcgen auch hohen Anspr\u00fcchen. Ryuga steht f\u00fcr erstklassige Qualit\u00e4t zu einem erheblich g\u00fcnstigeren Preis.<\/em><\/p>","protected":false},"excerpt":{"rendered":"<p>Jinzange f\u00fcr Drahtarbeiten und trockenes Holz, 208mm<\/p>","protected":false},"featured_media":4643,"template":"","meta":{"_crdt_document":"","site-sidebar-layout":"default","site-content-layout":"","ast-site-content-layout":"default","site-content-style":"default","site-sidebar-style":"default","ast-global-header-display":"","ast-banner-title-visibility":"","ast-main-header-display":"","ast-hfb-above-header-display":"","ast-hfb-below-header-display":"","ast-hfb-mobile-header-display":"","site-post-title":"","ast-breadcrumbs-content":"","ast-featured-img":"","footer-sml-layout":"","ast-disable-related-posts":"","theme-transparent-header-meta":"default","adv-header-id-meta":"","stick-header-meta":"","header-above-stick-meta":"","header-main-stick-meta":"","header-below-stick-meta":"","astra-migrate-meta-layouts":"set","ast-page-background-enabled":"default","ast-page-background-meta":{"desktop":{"background-color":"","background-image":"","background-repeat":"repeat","background-position":"center center","background-size":"auto","background-attachment":"scroll","background-type":"","background-media":"","overlay-type":"","overlay-color":"","overlay-opacity":"","overlay-gradient":""},"tablet":{"background-color":"","background-image":"","background-repeat":"repeat","background-position":"center center","background-size":"auto","background-attachment":"scroll","background-type":"","background-media":"","overlay-type":"","overlay-color":"","overlay-opacity":"","overlay-gradient":""},"mobile":{"background-color":"","background-image":"","background-repeat":"repeat","background-position":"center center","background-size":"auto","background-attachment":"scroll","background-type":"","background-media":"","overlay-type":"","overlay-color":"","overlay-opacity":"","overlay-gradient":""}},"ast-content-background-meta":{"desktop":{"background-color":"var(--ast-global-color-5)","background-image":"","background-repeat":"repeat","background-position":"center center","background-size":"auto","background-attachment":"scroll","background-type":"","background-media":"","overlay-type":"","overlay-color":"","overlay-opacity":"","overlay-gradient":""},"tablet":{"background-color":"var(--ast-global-color-5)","background-image":"","background-repeat":"repeat","background-position":"center center","background-size":"auto","background-attachment":"scroll","background-type":"","background-media":"","overlay-type":"","overlay-color":"","overlay-opacity":"","overlay-gradient":""},"mobile":{"background-color":"var(--ast-global-color-5)","background-image":"","background-repeat":"repeat","background-position":"center center","background-size":"auto","background-attachment":"scroll","background-type":"","background-media":"","overlay-type":"","overlay-color":"","overlay-opacity":"","overlay-gradient":""}},"advanced_seo_description":"","jetpack_seo_html_title":"","jetpack_seo_noindex":false,"jetpack_post_was_ever_published":false,"jetpack_publicize_message":"","jetpack_publicize_feature_enabled":true,"jetpack_social_post_already_shared":true,"jetpack_social_options":{"image_generator_settings":{"template":"highway","default_image_id":0,"font":"","enabled":false},"version":2},"_wpas_customize_per_network":false},"product_brand":[],"product_cat":[1460,1468,1466],"product_tag":[],"class_list":{"0":"post-4642","1":"product","2":"type-product","3":"status-publish","4":"has-post-thumbnail","6":"product_cat-attrezzi-per-filo","7":"product_cat-legna-secca","8":"product_cat-attrezzi-rinvasare","9":"desktop-align-left","10":"tablet-align-left","11":"mobile-align-left","13":"first","14":"instock","15":"shipping-taxable","16":"purchasable","17":"product-type-simple"},"exclude_global_add_ons":[],"addons":[],"jetpack_publicize_connections":[],"jetpack_sharing_enabled":true,"jetpack_likes_enabled":true,"_links":{"self":[{"href":"https:\/\/tambubonsai.ch\/de\/wp-json\/wp\/v2\/product\/4642","targetHints":{"allow":["GET"]}}],"collection":[{"href":"https:\/\/tambubonsai.ch\/de\/wp-json\/wp\/v2\/product"}],"about":[{"href":"https:\/\/tambubonsai.ch\/de\/wp-json\/wp\/v2\/types\/product"}],"version-history":[{"count":2,"href":"https:\/\/tambubonsai.ch\/de\/wp-json\/wp\/v2\/product\/4642\/revisions"}],"predecessor-version":[{"id":6138,"href":"https:\/\/tambubonsai.ch\/de\/wp-json\/wp\/v2\/product\/4642\/revisions\/6138"}],"wp:featuredmedia":[{"embeddable":true,"href":"https:\/\/tambubonsai.ch\/de\/wp-json\/wp\/v2\/media\/4643"}],"wp:attachment":[{"href":"https:\/\/tambubonsai.ch\/de\/wp-json\/wp\/v2\/media?parent=4642"}],"wp:term":[{"taxonomy":"product_brand","embeddable":true,"href":"https:\/\/tambubonsai.ch\/de\/wp-json\/wp\/v2\/product_brand?post=4642"},{"taxonomy":"product_cat","embeddable":true,"href":"https:\/\/tambubonsai.ch\/de\/wp-json\/wp\/v2\/product_cat?post=4642"},{"taxonomy":"product_tag","embeddable":true,"href":"https:\/\/tambubonsai.ch\/de\/wp-json\/wp\/v2\/product_tag?post=4642"}],"curies":[{"name":"wp","href":"https:\/\/api.w.org\/{rel}","templated":true}]}}