{"id":4769,"date":"2023-10-30T14:51:20","date_gmt":"2023-10-30T13:51:20","guid":{"rendered":"https:\/\/tambubonsai.ch\/?post_type=product&#038;p=4769"},"modified":"2024-01-06T16:40:19","modified_gmt":"2024-01-06T15:40:19","slug":"set-completo-con-4-sgorbie-a-tirare-ryuga-pt-18","status":"publish","type":"product","link":"https:\/\/tambubonsai.ch\/de\/store\/attrezzi-fili-mastice\/legna-secca\/set-completo-con-4-sgorbie-a-tirare-ryuga-pt-18\/","title":{"rendered":"KOMPLETTES SET mit 4 Schnitzwerkzeugen, Ryuga (PT-18)"},"content":{"rendered":"<h4 class=\"wp-block-heading\">Masse Werkzeuge: 180mm<\/h4>\r\n\r\n\r\n\r\n<p class=\"wp-block-paragraph\">Man benutzt es um eine Vene an der Baumrinde zu entfernen und so einen Shari l\u00e4ngs des Baumstammes zu kreieren.<\/p>\r\n\r\n\r\n\r\n<p class=\"wp-block-paragraph\"><em>Ryuga steht f\u00fcr hochwertige Bonsaiwerkzeuge welche sowohl in rostfreiem Edelstahl als auch in Carbonstahl angeboten werden. Diese Qualit\u00e4tswerkzeuge werden nach japanischen Qualit\u00e4ts- und Produktions-Standards in China gefertigt und gen\u00fcgen auch hohen Anspr\u00fcchen. Ryuga steht f\u00fcr erstklassige Qualit\u00e4t zu einem erheblich g\u00fcnstigeren Preis.<\/em><\/p>","protected":false},"excerpt":{"rendered":"<p>geeignet f\u00fcr Shari<\/p>","protected":false},"featured_media":4770,"template":"","meta":{"_crdt_document":"","site-sidebar-layout":"default","site-content-layout":"","ast-site-content-layout":"default","site-content-style":"default","site-sidebar-style":"default","ast-global-header-display":"","ast-banner-title-visibility":"","ast-main-header-display":"","ast-hfb-above-header-display":"","ast-hfb-below-header-display":"","ast-hfb-mobile-header-display":"","site-post-title":"","ast-breadcrumbs-content":"","ast-featured-img":"","footer-sml-layout":"","ast-disable-related-posts":"","theme-transparent-header-meta":"default","adv-header-id-meta":"","stick-header-meta":"","header-above-stick-meta":"","header-main-stick-meta":"","header-below-stick-meta":"","astra-migrate-meta-layouts":"set","ast-page-background-enabled":"default","ast-page-background-meta":{"desktop":{"background-color":"","background-image":"","background-repeat":"repeat","background-position":"center center","background-size":"auto","background-attachment":"scroll","background-type":"","background-media":"","overlay-type":"","overlay-color":"","overlay-opacity":"","overlay-gradient":""},"tablet":{"background-color":"","background-image":"","background-repeat":"repeat","background-position":"center center","background-size":"auto","background-attachment":"scroll","background-type":"","background-media":"","overlay-type":"","overlay-color":"","overlay-opacity":"","overlay-gradient":""},"mobile":{"background-color":"","background-image":"","background-repeat":"repeat","background-position":"center center","background-size":"auto","background-attachment":"scroll","background-type":"","background-media":"","overlay-type":"","overlay-color":"","overlay-opacity":"","overlay-gradient":""}},"ast-content-background-meta":{"desktop":{"background-color":"var(--ast-global-color-5)","background-image":"","background-repeat":"repeat","background-position":"center center","background-size":"auto","background-attachment":"scroll","background-type":"","background-media":"","overlay-type":"","overlay-color":"","overlay-opacity":"","overlay-gradient":""},"tablet":{"background-color":"var(--ast-global-color-5)","background-image":"","background-repeat":"repeat","background-position":"center center","background-size":"auto","background-attachment":"scroll","background-type":"","background-media":"","overlay-type":"","overlay-color":"","overlay-opacity":"","overlay-gradient":""},"mobile":{"background-color":"var(--ast-global-color-5)","background-image":"","background-repeat":"repeat","background-position":"center center","background-size":"auto","background-attachment":"scroll","background-type":"","background-media":"","overlay-type":"","overlay-color":"","overlay-opacity":"","overlay-gradient":""}},"advanced_seo_description":"","jetpack_seo_html_title":"","jetpack_seo_noindex":false,"jetpack_publicize_message":"","jetpack_publicize_feature_enabled":true,"jetpack_social_post_already_shared":true,"jetpack_social_options":{"image_generator_settings":{"template":"highway","default_image_id":0,"font":"","enabled":false},"version":2},"_wpas_customize_per_network":false},"product_brand":[],"product_cat":[1468,1467],"product_tag":[],"class_list":{"0":"post-4769","1":"product","2":"type-product","3":"status-publish","4":"has-post-thumbnail","6":"product_cat-legna-secca","7":"product_cat-attrezzi-set-e-astucci","8":"desktop-align-left","9":"tablet-align-left","10":"mobile-align-left","12":"first","13":"instock","14":"shipping-taxable","15":"purchasable","16":"product-type-simple"},"exclude_global_add_ons":[],"addons":[],"jetpack_publicize_connections":[],"jetpack_sharing_enabled":true,"jetpack_likes_enabled":true,"_links":{"self":[{"href":"https:\/\/tambubonsai.ch\/de\/wp-json\/wp\/v2\/product\/4769","targetHints":{"allow":["GET"]}}],"collection":[{"href":"https:\/\/tambubonsai.ch\/de\/wp-json\/wp\/v2\/product"}],"about":[{"href":"https:\/\/tambubonsai.ch\/de\/wp-json\/wp\/v2\/types\/product"}],"version-history":[{"count":3,"href":"https:\/\/tambubonsai.ch\/de\/wp-json\/wp\/v2\/product\/4769\/revisions"}],"predecessor-version":[{"id":5800,"href":"https:\/\/tambubonsai.ch\/de\/wp-json\/wp\/v2\/product\/4769\/revisions\/5800"}],"wp:featuredmedia":[{"embeddable":true,"href":"https:\/\/tambubonsai.ch\/de\/wp-json\/wp\/v2\/media\/4770"}],"wp:attachment":[{"href":"https:\/\/tambubonsai.ch\/de\/wp-json\/wp\/v2\/media?parent=4769"}],"wp:term":[{"taxonomy":"product_brand","embeddable":true,"href":"https:\/\/tambubonsai.ch\/de\/wp-json\/wp\/v2\/product_brand?post=4769"},{"taxonomy":"product_cat","embeddable":true,"href":"https:\/\/tambubonsai.ch\/de\/wp-json\/wp\/v2\/product_cat?post=4769"},{"taxonomy":"product_tag","embeddable":true,"href":"https:\/\/tambubonsai.ch\/de\/wp-json\/wp\/v2\/product_tag?post=4769"}],"curies":[{"name":"wp","href":"https:\/\/api.w.org\/{rel}","templated":true}]}}