{"id":4882,"date":"2023-11-01T14:14:13","date_gmt":"2023-11-01T13:14:13","guid":{"rendered":"https:\/\/tambubonsai.ch\/?post_type=product&#038;p=4882"},"modified":"2024-01-29T16:41:04","modified_gmt":"2024-01-29T15:41:04","slug":"districatore-di-radici-punta-doppia-230mm-ryuga-rh-2s","status":"publish","type":"product","link":"https:\/\/tambubonsai.ch\/de\/store\/attrezzi-fili-mastice\/attrezzi-rinvasare\/districatore-di-radici-punta-doppia-230mm-ryuga-rh-2s\/","title":{"rendered":"Wurzelhaken, doppelte Spitze, 230mm, Ryuga (RH-2S)"},"content":{"rendered":"<p class=\"wp-block-paragraph\">Wird w\u00e4hrend des Umtopfens dazu benutzt, die Wurzeln aus der kompakten Erde zu l\u00f6sen.<\/p>\r\n\r\n\r\n\r\n<p class=\"wp-block-paragraph\"><em>Ryuga steht f\u00fcr hochwertige Bonsaiwerkzeuge welche sowohl in rostfreiem Edelstahl als auch in Carbonstahl angeboten werden. Diese Qualit\u00e4tswerkzeuge werden nach japanischen Qualit\u00e4ts- und Produktions-Standards in China gefertigt und gen\u00fcgen auch hohen Anspr\u00fcchen. Ryuga steht f\u00fcr erstklassige Qualit\u00e4t zu einem erheblich g\u00fcnstigeren Preis.<\/em><\/p>","protected":false},"excerpt":{"rendered":"<p>Wird w\u00e4hrend des Umtopfens dazu benutzt, die Wurzeln aus der kompakten Erde zu l\u00f6sen.<\/p>","protected":false},"featured_media":4883,"template":"","meta":{"_crdt_document":"","site-sidebar-layout":"default","site-content-layout":"","ast-site-content-layout":"default","site-content-style":"default","site-sidebar-style":"default","ast-global-header-display":"","ast-banner-title-visibility":"","ast-main-header-display":"","ast-hfb-above-header-display":"","ast-hfb-below-header-display":"","ast-hfb-mobile-header-display":"","site-post-title":"","ast-breadcrumbs-content":"","ast-featured-img":"","footer-sml-layout":"","ast-disable-related-posts":"","theme-transparent-header-meta":"default","adv-header-id-meta":"","stick-header-meta":"","header-above-stick-meta":"","header-main-stick-meta":"","header-below-stick-meta":"","astra-migrate-meta-layouts":"set","ast-page-background-enabled":"default","ast-page-background-meta":{"desktop":{"background-color":"","background-image":"","background-repeat":"repeat","background-position":"center center","background-size":"auto","background-attachment":"scroll","background-type":"","background-media":"","overlay-type":"","overlay-color":"","overlay-opacity":"","overlay-gradient":""},"tablet":{"background-color":"","background-image":"","background-repeat":"repeat","background-position":"center center","background-size":"auto","background-attachment":"scroll","background-type":"","background-media":"","overlay-type":"","overlay-color":"","overlay-opacity":"","overlay-gradient":""},"mobile":{"background-color":"","background-image":"","background-repeat":"repeat","background-position":"center center","background-size":"auto","background-attachment":"scroll","background-type":"","background-media":"","overlay-type":"","overlay-color":"","overlay-opacity":"","overlay-gradient":""}},"ast-content-background-meta":{"desktop":{"background-color":"var(--ast-global-color-5)","background-image":"","background-repeat":"repeat","background-position":"center center","background-size":"auto","background-attachment":"scroll","background-type":"","background-media":"","overlay-type":"","overlay-color":"","overlay-opacity":"","overlay-gradient":""},"tablet":{"background-color":"var(--ast-global-color-5)","background-image":"","background-repeat":"repeat","background-position":"center center","background-size":"auto","background-attachment":"scroll","background-type":"","background-media":"","overlay-type":"","overlay-color":"","overlay-opacity":"","overlay-gradient":""},"mobile":{"background-color":"var(--ast-global-color-5)","background-image":"","background-repeat":"repeat","background-position":"center center","background-size":"auto","background-attachment":"scroll","background-type":"","background-media":"","overlay-type":"","overlay-color":"","overlay-opacity":"","overlay-gradient":""}},"advanced_seo_description":"","jetpack_seo_html_title":"","jetpack_seo_noindex":false,"jetpack_publicize_message":"","jetpack_publicize_feature_enabled":true,"jetpack_social_post_already_shared":true,"jetpack_social_options":{"image_generator_settings":{"template":"highway","default_image_id":0,"font":"","enabled":false},"version":2},"_wpas_customize_per_network":false},"product_brand":[],"product_cat":[1466],"product_tag":[],"class_list":{"0":"post-4882","1":"product","2":"type-product","3":"status-publish","4":"has-post-thumbnail","6":"product_cat-attrezzi-rinvasare","7":"desktop-align-left","8":"tablet-align-left","9":"mobile-align-left","11":"first","12":"instock","13":"shipping-taxable","14":"purchasable","15":"product-type-simple"},"exclude_global_add_ons":[],"addons":[],"jetpack_publicize_connections":[],"jetpack_sharing_enabled":true,"jetpack_likes_enabled":true,"_links":{"self":[{"href":"https:\/\/tambubonsai.ch\/de\/wp-json\/wp\/v2\/product\/4882","targetHints":{"allow":["GET"]}}],"collection":[{"href":"https:\/\/tambubonsai.ch\/de\/wp-json\/wp\/v2\/product"}],"about":[{"href":"https:\/\/tambubonsai.ch\/de\/wp-json\/wp\/v2\/types\/product"}],"version-history":[{"count":2,"href":"https:\/\/tambubonsai.ch\/de\/wp-json\/wp\/v2\/product\/4882\/revisions"}],"predecessor-version":[{"id":6145,"href":"https:\/\/tambubonsai.ch\/de\/wp-json\/wp\/v2\/product\/4882\/revisions\/6145"}],"wp:featuredmedia":[{"embeddable":true,"href":"https:\/\/tambubonsai.ch\/de\/wp-json\/wp\/v2\/media\/4883"}],"wp:attachment":[{"href":"https:\/\/tambubonsai.ch\/de\/wp-json\/wp\/v2\/media?parent=4882"}],"wp:term":[{"taxonomy":"product_brand","embeddable":true,"href":"https:\/\/tambubonsai.ch\/de\/wp-json\/wp\/v2\/product_brand?post=4882"},{"taxonomy":"product_cat","embeddable":true,"href":"https:\/\/tambubonsai.ch\/de\/wp-json\/wp\/v2\/product_cat?post=4882"},{"taxonomy":"product_tag","embeddable":true,"href":"https:\/\/tambubonsai.ch\/de\/wp-json\/wp\/v2\/product_tag?post=4882"}],"curies":[{"name":"wp","href":"https:\/\/api.w.org\/{rel}","templated":true}]}}