{"id":4897,"date":"2023-11-01T14:32:23","date_gmt":"2023-11-01T13:32:23","guid":{"rendered":"https:\/\/tambubonsai.ch\/?post_type=product&#038;p=4897"},"modified":"2026-01-28T11:04:01","modified_gmt":"2026-01-28T10:04:01","slug":"setaccio-da-30cm-con-3-maglie-diverse-x-2","status":"publish","type":"product","link":"https:\/\/tambubonsai.ch\/de\/store\/attrezzi-fili-mastice\/attrezzi-rinvasare\/setaccio-da-30cm-con-3-maglie-diverse-x-2\/","title":{"rendered":"Siebset 30cm mit 3 verschiedenen Eins\u00e4tzen (X-2)"},"content":{"rendered":"<p class=\"wp-block-paragraph\">Dieses Sieb aus rostfreiem Stahl ist auf Langlebigkeit ausgelegt. Es hat eine Basis, auf welcher drei verschiedene Eins\u00e4tze gelegt werden k\u00f6nnen:<\/p>\n\n\n\n<ul class=\"wp-block-list\">\n<li class=\"translation-block\">die gr\u00f6ssten Maschen <strong>5mm<\/strong> - f\u00fcr die erste Schicht im Topfboden welche f\u00fcr eine <strong>gute Durchw\u00e4sserung<\/strong> zust\u00e4ndig ist.<\/li>\n\n\n\n<li class=\"translation-block\">die mittleren Maschen <strong>3mm<\/strong> - f\u00fcr die <strong>mittlere Schicht<\/strong> und f\u00fcr <strong>Bonsai Shoin<\/strong><\/li>\n\n\n\n<li class=\"translation-block\">die kleinsten Maschen <strong>1mm<\/strong> - f\u00fcr die <strong>letzte Schicht<\/strong> und f\u00fcr <strong>Mame und Kusamono<\/strong><\/li>\n<\/ul>","protected":false},"excerpt":{"rendered":"<p>Sieb mit drei verschiedenen Maschenweiten<\/p>","protected":false},"featured_media":4898,"template":"","meta":{"_crdt_document":"","site-sidebar-layout":"default","site-content-layout":"","ast-site-content-layout":"default","site-content-style":"default","site-sidebar-style":"default","ast-global-header-display":"","ast-banner-title-visibility":"","ast-main-header-display":"","ast-hfb-above-header-display":"","ast-hfb-below-header-display":"","ast-hfb-mobile-header-display":"","site-post-title":"","ast-breadcrumbs-content":"","ast-featured-img":"","footer-sml-layout":"","ast-disable-related-posts":"","theme-transparent-header-meta":"","adv-header-id-meta":"","stick-header-meta":"","header-above-stick-meta":"","header-main-stick-meta":"","header-below-stick-meta":"","astra-migrate-meta-layouts":"default","ast-page-background-enabled":"default","ast-page-background-meta":{"desktop":{"background-color":"","background-image":"","background-repeat":"repeat","background-position":"center center","background-size":"auto","background-attachment":"scroll","background-type":"","background-media":"","overlay-type":"","overlay-color":"","overlay-opacity":"","overlay-gradient":""},"tablet":{"background-color":"","background-image":"","background-repeat":"repeat","background-position":"center center","background-size":"auto","background-attachment":"scroll","background-type":"","background-media":"","overlay-type":"","overlay-color":"","overlay-opacity":"","overlay-gradient":""},"mobile":{"background-color":"","background-image":"","background-repeat":"repeat","background-position":"center center","background-size":"auto","background-attachment":"scroll","background-type":"","background-media":"","overlay-type":"","overlay-color":"","overlay-opacity":"","overlay-gradient":""}},"ast-content-background-meta":{"desktop":{"background-color":"var(--ast-global-color-5)","background-image":"","background-repeat":"repeat","background-position":"center center","background-size":"auto","background-attachment":"scroll","background-type":"","background-media":"","overlay-type":"","overlay-color":"","overlay-opacity":"","overlay-gradient":""},"tablet":{"background-color":"var(--ast-global-color-5)","background-image":"","background-repeat":"repeat","background-position":"center center","background-size":"auto","background-attachment":"scroll","background-type":"","background-media":"","overlay-type":"","overlay-color":"","overlay-opacity":"","overlay-gradient":""},"mobile":{"background-color":"var(--ast-global-color-5)","background-image":"","background-repeat":"repeat","background-position":"center center","background-size":"auto","background-attachment":"scroll","background-type":"","background-media":"","overlay-type":"","overlay-color":"","overlay-opacity":"","overlay-gradient":""}},"advanced_seo_description":"","jetpack_seo_html_title":"","jetpack_seo_noindex":false,"jetpack_publicize_message":"","jetpack_publicize_feature_enabled":true,"jetpack_social_post_already_shared":true,"jetpack_social_options":{"image_generator_settings":{"template":"highway","default_image_id":0,"font":"","enabled":false},"version":2},"_wpas_customize_per_network":false},"product_brand":[],"product_cat":[1466],"product_tag":[],"class_list":{"0":"post-4897","1":"product","2":"type-product","3":"status-publish","4":"has-post-thumbnail","6":"product_cat-attrezzi-rinvasare","7":"desktop-align-left","8":"tablet-align-left","9":"mobile-align-left","11":"first","12":"outofstock","13":"shipping-taxable","14":"purchasable","15":"product-type-simple"},"exclude_global_add_ons":[],"addons":[],"jetpack_publicize_connections":[],"jetpack_sharing_enabled":true,"jetpack_likes_enabled":true,"_links":{"self":[{"href":"https:\/\/tambubonsai.ch\/de\/wp-json\/wp\/v2\/product\/4897","targetHints":{"allow":["GET"]}}],"collection":[{"href":"https:\/\/tambubonsai.ch\/de\/wp-json\/wp\/v2\/product"}],"about":[{"href":"https:\/\/tambubonsai.ch\/de\/wp-json\/wp\/v2\/types\/product"}],"version-history":[{"count":1,"href":"https:\/\/tambubonsai.ch\/de\/wp-json\/wp\/v2\/product\/4897\/revisions"}],"predecessor-version":[{"id":4899,"href":"https:\/\/tambubonsai.ch\/de\/wp-json\/wp\/v2\/product\/4897\/revisions\/4899"}],"wp:featuredmedia":[{"embeddable":true,"href":"https:\/\/tambubonsai.ch\/de\/wp-json\/wp\/v2\/media\/4898"}],"wp:attachment":[{"href":"https:\/\/tambubonsai.ch\/de\/wp-json\/wp\/v2\/media?parent=4897"}],"wp:term":[{"taxonomy":"product_brand","embeddable":true,"href":"https:\/\/tambubonsai.ch\/de\/wp-json\/wp\/v2\/product_brand?post=4897"},{"taxonomy":"product_cat","embeddable":true,"href":"https:\/\/tambubonsai.ch\/de\/wp-json\/wp\/v2\/product_cat?post=4897"},{"taxonomy":"product_tag","embeddable":true,"href":"https:\/\/tambubonsai.ch\/de\/wp-json\/wp\/v2\/product_tag?post=4897"}],"curies":[{"name":"wp","href":"https:\/\/api.w.org\/{rel}","templated":true}]}}