{"id":4946,"date":"2023-11-01T15:15:17","date_gmt":"2023-11-01T14:15:17","guid":{"rendered":"https:\/\/tambubonsai.ch\/?post_type=product&#038;p=4946"},"modified":"2026-04-08T21:33:51","modified_gmt":"2026-04-08T19:33:51","slug":"biogold-original-5kg-bgo-5","status":"publish","type":"product","link":"https:\/\/tambubonsai.ch\/de\/store\/concime-sfagno\/biogold-original-5kg-bgo-5\/","title":{"rendered":"Biogold ORIGINAL, 5kg (BGO-5)"},"content":{"rendered":"<p class=\"wp-block-paragraph translation-block\">Biogold ist ein hochwertiger organischer, sich nur langsam zersetzender D\u00fcnger aus japanischer Produktion. Dieser D\u00fcnger f\u00f6rdert die Triebkraft des Bonsai und sollte 1 Mal pro Monat von <strong>Anfang Fr\u00fchling bis Mitte Sommer<\/strong> benutzt werden.<\/p>\r\n\r\n\r\n\r\n<p class=\"wp-block-paragraph\">Seine organische Zusammensetzung verhindert, dass Insekten oder andere Tiere sich daran zu schaffen machen und somit bleibt der ganze D\u00fcnger dem Bonsai erhalten.<\/p>\r\n\r\n\r\n\r\n<p class=\"wp-block-paragraph\">Biogold enth\u00e4lt Stickstoff (N), Phosphor (P)und Kaliumoxid(K20) in folgendem Verh\u00e4ltnis: 5.5\/6.5\/3.5.<\/p>\r\n\r\n\r\n\r\n<p class=\"wp-block-paragraph\">F\u00fcr die Zeit von Mitte Sommer bis Ende Herbst wird die Verabreichung des D\u00fcngers <strong>Biogold CLASSIC<\/strong> empfohlen, welcher die Verholzung der \u00c4ste und die Reifung der Knospen f\u00f6rdert was den Bonsai widerstandsf\u00e4higer f\u00fcr die kalten Wintermonate macht und die Triebaufnahme im Fr\u00fchling garantiert.<\/p>","protected":false},"excerpt":{"rendered":"<p class=\"translation-block\">hochwertiger organischer, sich nur langsam zersetzender D\u00fcnger aus japanischer Produktion, wird von <strong>Anfang Fr\u00fchling bis Mitte Sommer<\/strong> benutzt<\/p>","protected":false},"featured_media":4947,"template":"","meta":{"_crdt_document":"","site-sidebar-layout":"default","site-content-layout":"","ast-site-content-layout":"default","site-content-style":"default","site-sidebar-style":"default","ast-global-header-display":"","ast-banner-title-visibility":"","ast-main-header-display":"","ast-hfb-above-header-display":"","ast-hfb-below-header-display":"","ast-hfb-mobile-header-display":"","site-post-title":"","ast-breadcrumbs-content":"","ast-featured-img":"","footer-sml-layout":"","ast-disable-related-posts":"","theme-transparent-header-meta":"default","adv-header-id-meta":"","stick-header-meta":"","header-above-stick-meta":"","header-main-stick-meta":"","header-below-stick-meta":"","astra-migrate-meta-layouts":"set","ast-page-background-enabled":"default","ast-page-background-meta":{"desktop":{"background-color":"","background-image":"","background-repeat":"repeat","background-position":"center center","background-size":"auto","background-attachment":"scroll","background-type":"","background-media":"","overlay-type":"","overlay-color":"","overlay-opacity":"","overlay-gradient":""},"tablet":{"background-color":"","background-image":"","background-repeat":"repeat","background-position":"center center","background-size":"auto","background-attachment":"scroll","background-type":"","background-media":"","overlay-type":"","overlay-color":"","overlay-opacity":"","overlay-gradient":""},"mobile":{"background-color":"","background-image":"","background-repeat":"repeat","background-position":"center center","background-size":"auto","background-attachment":"scroll","background-type":"","background-media":"","overlay-type":"","overlay-color":"","overlay-opacity":"","overlay-gradient":""}},"ast-content-background-meta":{"desktop":{"background-color":"var(--ast-global-color-5)","background-image":"","background-repeat":"repeat","background-position":"center center","background-size":"auto","background-attachment":"scroll","background-type":"","background-media":"","overlay-type":"","overlay-color":"","overlay-opacity":"","overlay-gradient":""},"tablet":{"background-color":"var(--ast-global-color-5)","background-image":"","background-repeat":"repeat","background-position":"center center","background-size":"auto","background-attachment":"scroll","background-type":"","background-media":"","overlay-type":"","overlay-color":"","overlay-opacity":"","overlay-gradient":""},"mobile":{"background-color":"var(--ast-global-color-5)","background-image":"","background-repeat":"repeat","background-position":"center center","background-size":"auto","background-attachment":"scroll","background-type":"","background-media":"","overlay-type":"","overlay-color":"","overlay-opacity":"","overlay-gradient":""}},"advanced_seo_description":"","jetpack_seo_html_title":"","jetpack_seo_noindex":false,"jetpack_post_was_ever_published":false,"jetpack_publicize_message":"","jetpack_publicize_feature_enabled":true,"jetpack_social_post_already_shared":true,"jetpack_social_options":{"image_generator_settings":{"template":"highway","default_image_id":0,"font":"","enabled":false},"version":2},"_wpas_customize_per_network":false},"product_brand":[],"product_cat":[1374],"product_tag":[],"class_list":{"0":"post-4946","1":"product","2":"type-product","3":"status-publish","4":"has-post-thumbnail","6":"product_cat-concime-sfagno","7":"desktop-align-left","8":"tablet-align-left","9":"mobile-align-left","11":"first","12":"instock","13":"shipping-taxable","14":"purchasable","15":"product-type-simple"},"exclude_global_add_ons":[],"addons":[],"jetpack_publicize_connections":[],"jetpack_sharing_enabled":true,"jetpack_likes_enabled":true,"_links":{"self":[{"href":"https:\/\/tambubonsai.ch\/de\/wp-json\/wp\/v2\/product\/4946","targetHints":{"allow":["GET"]}}],"collection":[{"href":"https:\/\/tambubonsai.ch\/de\/wp-json\/wp\/v2\/product"}],"about":[{"href":"https:\/\/tambubonsai.ch\/de\/wp-json\/wp\/v2\/types\/product"}],"version-history":[{"count":2,"href":"https:\/\/tambubonsai.ch\/de\/wp-json\/wp\/v2\/product\/4946\/revisions"}],"predecessor-version":[{"id":6853,"href":"https:\/\/tambubonsai.ch\/de\/wp-json\/wp\/v2\/product\/4946\/revisions\/6853"}],"wp:featuredmedia":[{"embeddable":true,"href":"https:\/\/tambubonsai.ch\/de\/wp-json\/wp\/v2\/media\/4947"}],"wp:attachment":[{"href":"https:\/\/tambubonsai.ch\/de\/wp-json\/wp\/v2\/media?parent=4946"}],"wp:term":[{"taxonomy":"product_brand","embeddable":true,"href":"https:\/\/tambubonsai.ch\/de\/wp-json\/wp\/v2\/product_brand?post=4946"},{"taxonomy":"product_cat","embeddable":true,"href":"https:\/\/tambubonsai.ch\/de\/wp-json\/wp\/v2\/product_cat?post=4946"},{"taxonomy":"product_tag","embeddable":true,"href":"https:\/\/tambubonsai.ch\/de\/wp-json\/wp\/v2\/product_tag?post=4946"}],"curies":[{"name":"wp","href":"https:\/\/api.w.org\/{rel}","templated":true}]}}